{"id":504,"date":"2020-05-12T18:42:20","date_gmt":"2020-05-12T18:42:20","guid":{"rendered":"https:\/\/omas.es\/?page_id=504"},"modified":"2020-05-26T08:49:52","modified_gmt":"2020-05-26T08:49:52","slug":"cookies","status":"publish","type":"page","link":"https:\/\/omas.es\/?page_id=504","title":{"rendered":"Cookies"},"content":{"rendered":"\n<p>REFORMAS OMAS informa acerca del uso de las cookies en su p\u00e1gina web: www.reformasomas.es<\/p>\n\n\n\n<p><strong>1.- \u00bfQu\u00e9 son las cookies?<\/strong><\/p>\n\n\n\n<p>Las cookies son archivos que se pueden descargar en su equipo a trav\u00e9s de las p\u00e1ginas web. Son herramientas que tienen un papel esencial para la prestaci\u00f3n de numerosos servicios de la sociedad de la informaci\u00f3n. Entre otros, permiten a una p\u00e1gina web almacenar y recuperar informaci\u00f3n sobre los h\u00e1bitos de navegaci\u00f3n de un usuario o de su equipo y, dependiendo de la informaci\u00f3n obtenida, se pueden utilizar para reconocer al usuario y mejorar el servicio ofrecido.<\/p>\n\n\n\n<p><strong>&nbsp;2.- Tipos de cookies<\/strong><\/p>\n\n\n\n<p>Seg\u00fan quien sea la entidad que gestione el dominio desde donde se env\u00edan las cookies y trate los datos que se obtengan se pueden distinguir dos tipos:<\/p>\n\n\n\n<ul class=\"wp-block-list\"><li>Cookies propias: aqu\u00e9llas que se env\u00edan al equipo terminal del usuario desde un equipo o dominio gestionado por el propio editor y desde el que se presta el servicio solicitado por el usuario.<\/li><li>Cookies de terceros: aqu\u00e9llas que se env\u00edan al equipo terminal del usuario desde un equipo o dominio que no es gestionado por el editor, sino por otra entidad que trata los datos obtenidos trav\u00e9s de las cookies.<\/li><\/ul>\n\n\n\n<p>En el caso de que las cookies sean instaladas desde un equipo o dominio gestionado por el propio editor pero la informaci\u00f3n que se recoja mediante \u00e9stas sea gestionada por un tercero, no pueden ser consideradas como cookies propias.<\/p>\n\n\n\n<p>Existe tambi\u00e9n una segunda clasificaci\u00f3n seg\u00fan el plazo de tiempo que permanecen almacenadas en el navegador del cliente, pudiendo tratarse de:<\/p>\n\n\n\n<ul class=\"wp-block-list\"><li>Cookies de sesi\u00f3n: dise\u00f1adas para recabar y almacenar datos mientras el usuario accede a una p\u00e1gina web. Se suelen emplear para almacenar informaci\u00f3n que solo interesa conservar para la prestaci\u00f3n del servicio solicitado por el usuario en una sola ocasi\u00f3n (p.e. una lista de productos adquiridos).<\/li><li>Cookies persistentes: los datos siguen almacenados en el terminal y pueden ser accedidos y tratados durante un periodo definido por el responsable de la cookie, y que puede ir de unos minutos a varios a\u00f1os.<\/li><\/ul>\n\n\n\n<p>Por \u00faltimo, existe otra clasificaci\u00f3n con cinco tipos de cookies seg\u00fan la finalidad para la que se traten los datos obtenidos:<\/p>\n\n\n\n<ul class=\"wp-block-list\"><li>Cookies t\u00e9cnicas: aquellas que permiten al usuario la navegaci\u00f3n a trav\u00e9s de una p\u00e1gina web, plataforma o aplicaci\u00f3n y la utilizaci\u00f3n de las diferentes opciones o servicios que en ella existan como, por ejemplo, controlar el tr\u00e1fico y la comunicaci\u00f3n de datos, identificar la sesi\u00f3n, acceder a partes de acceso restringido, recordar los elementos que integran un pedido, realizar el proceso de compra de un pedido, realizar la solicitud de inscripci\u00f3n o participaci\u00f3n en un evento, utilizar elementos de seguridad durante la navegaci\u00f3n, almacenar contenidos para la difusi\u00f3n de v\u00eddeos o sonido o compartir contenidos a trav\u00e9s de redes sociales.<\/li><li>Cookies de personalizaci\u00f3n: permiten al usuario acceder al servicio con algunas caracter\u00edsticas de car\u00e1cter general predefinidas en funci\u00f3n de una serie de criterios en el terminal del usuario como por ejemplo serian el idioma, el tipo de navegador a trav\u00e9s del cual accede al servicio, la configuraci\u00f3n regional desde donde accede al servicio, etc.<\/li><li>Cookies de an\u00e1lisis: permiten al responsable de las mismas, el seguimiento y an\u00e1lisis del comportamiento de los usuarios de los sitios web a los que est\u00e1n vinculadas. La informaci\u00f3n recogida mediante este tipo de cookies se utiliza en la medici\u00f3n de la actividad de los sitios web, aplicaci\u00f3n o plataforma y para la elaboraci\u00f3n de perfiles de navegaci\u00f3n de los usuarios de dichos sitios, aplicaciones y plataformas, con el fin de introducir mejoras en funci\u00f3n del an\u00e1lisis de los datos de uso que hacen los usuarios del servicio.<\/li><li>Cookies publicitarias: permiten la gesti\u00f3n, de la forma m\u00e1s eficaz posible, de los espacios publicitarios.<\/li><li>Cookies de publicidad comportamental: almacenan informaci\u00f3n del comportamiento de los usuarios obtenida a trav\u00e9s de la observaci\u00f3n continuada de sus h\u00e1bitos de navegaci\u00f3n, lo que permite desarrollar un perfil espec\u00edfico para mostrar publicidad en funci\u00f3n del mismo.<\/li><li>Cookies de redes sociales externas: se utilizan para que los visitantes puedan interactuar con el contenido de diferentes plataformas sociales (facebook, youtube, twitter, linkedIn, etc..) y que se generen \u00fanicamente para los usuarios de dichas redes sociales. Las condiciones de utilizaci\u00f3n de estas cookies y la informaci\u00f3n recopilada se regula por la pol\u00edtica de privacidad de la plataforma social correspondiente.<\/li><\/ul>\n\n\n\n<p><strong>3.- Cookies utilizadas en https:\/\/omas.es<\/strong><\/p>\n\n\n\n<p>REFORMAS OMAS y\/o terceros contratados por \u00e9sta para la prestaci\u00f3n de servicios de medici\u00f3n de actividad y optimizaci\u00f3n y mejora del funcionamiento del Sitio Web, entre otros, podr\u00e1 utilizar cookies cuando un Usuario navegue por el Sitio Web.<\/p>\n\n\n\n<p>Las cookies utilizadas por REFORMAS OMAS y\/o terceros que act\u00faen en su nombre, se asocian \u00fanicamente con un usuario an\u00f3nimo y su ordenador, y no proporcionan por s\u00ed solos, datos personales del Usuario.<\/p>\n\n\n\n<p>El uso de cookies permite que el servidor de REFORMAS OMAS o del tercero que act\u00fae en su nombre, reconozca el navegador del ordenador utilizado por el Usuario con la finalidad de que la navegaci\u00f3n sea m\u00e1s sencilla, permitiendo, por ejemplo, el acceso a los Usuarios que se hayan registrado previamente, acceder a las \u00e1reas, servicios, promociones o concursos reservados exclusivamente a ellos sin tener que registrarse en cada visita, y en definitiva permiten un funcionamiento m\u00e1s \u00f3ptimo del Sitio Web para el Usuario. Se utilizan tambi\u00e9n para medir la audiencia y par\u00e1metros del tr\u00e1fico, controlar el progreso y n\u00famero de entradas.<\/p>\n\n\n\n<p>A continuaci\u00f3n se detallan las entidades distintas al Titular que utilizan cookies en el sitio Web, as\u00ed como las finalidades de las mismas:<\/p>\n\n\n\n<ul class=\"wp-block-list\"><li>Cookies de redes sociales: el Titular utiliza cookies de Facebook, Twitter, Linkedin, Instagram y Google Plus para que el usuario pueda compartir contenidos de la Web en las citadas redes sociales, o bien para facilitar el registro en la Web, de forma que con los datos de los usuarios han facilitado las redes sociales puedan cumplimentar directamente los campos del formulario de registro en la Web.<\/li><li>Cookies para la medici\u00f3n del tr\u00e1fico en los Portales: el Titular utiliza cookies de Google Analitycs, para recopilar datos estad\u00edsticos de la actividad de los usuarios en el sitioWeb y, de este modo, poder mejorar los servicios prestados a los usuarios. Estas cookies permiten analizar el tr\u00e1fico de usuarios generando un ID de usuario an\u00f3nimo que se utiliza para medir cu\u00e1ntas veces visita el Sitio un usuario. Asimismo, registra cu\u00e1ndo fue la primera y \u00faltima vez que visit\u00f3 la Web, cu\u00e1ndo se ha terminado una sesi\u00f3n y el origen del usuario.<\/li><li>Cookies publicitarias: El Titular utiliza cookies almacenadas por terceras empresas que gestionan los espacios que sirven de publicidad de y a las que los usuarios acceden. Estas cookies permiten medir la efectividad de nuestras campa\u00f1as online, proporcionar informaci\u00f3n de tu inter\u00e9s y ofrecerte contenidos publicitarios de tu preferencia. A trav\u00e9s de sus Pol\u00edticas de Privacidad puede obtener m\u00e1s informaci\u00f3n sobre su funcionamiento y el uso que hacen de las cookies.<\/li><\/ul>\n\n\n\n<p><strong>4.- Aceptaci\u00f3n de la Pol\u00edtica de cookies<\/strong><\/p>\n\n\n\n<p>Al acceder al Sitio Web el Usuario podr\u00e1 aceptar o no la utilizaci\u00f3n de las cookies, facilit\u00e1ndosele con anterioridad informaci\u00f3n sobre las cookies que utiliza el Sitio Web y las condiciones de uso. La aceptaci\u00f3n por parte del Usuario del uso de las cookies eximir\u00e1 a REFORMAS OMAS de responsabilidad alguna sobre el uso de las cookies por el Sitio Web.<\/p>\n\n\n\n<p>Con cada inicio de session, y una vez recibida la citada&nbsp; informaci\u00f3n sobre&nbsp; las cookies que utiliza el sitio web, el usuario podr\u00e1 llevar a cabo las siguientes acciones:<\/p>\n\n\n\n<ul class=\"wp-block-list\"><li>Aceptar cookies. No se volver\u00e1 a visualizar este aviso al acceder a cualquier p\u00e1gina del portal durante la presente sesi\u00f3n.<\/li><li>Cerrar. Se oculta el aviso en la presente p\u00e1gina.<\/li><li>Modificar su configuraci\u00f3n. Podr\u00e1 obtener m\u00e1s informaci\u00f3n sobre qu\u00e9 son las cookies, conocer la Pol\u00edtica de cookies de www.miweb.es y modificar la configuraci\u00f3n de su navegador.<\/li><\/ul>\n\n\n\n<p>El Usuario tiene la posibilidad de configurar su navegador para ser avisado de la recepci\u00f3n de cookies y para impedir su instalaci\u00f3n en su dispositivo. El Usuario deber\u00e1 consultar las instrucciones y manuales de su navegador para ampliar esta informaci\u00f3n. Para utilizar el Sitio Web no resulta necesario que el Usuario acepte el uso o la instalaci\u00f3n de las cookies enviadas por este Sitio Web, o el tercero que act\u00fae en su nombre.<\/p>\n\n\n\n<p><strong>5.- Desactivaci\u00f3n y eliminaci\u00f3n de cookies<\/strong><\/p>\n\n\n\n<p>Tienes la opci\u00f3n de permitir, bloquear o eliminar las cookies instaladas en tu equipo mediante la configuraci\u00f3n de las opciones del navegador instalado en su equipo. Al desactivar cookies, algunos de los servicios disponibles podr\u00edan dejar de estar operativos. La forma de deshabilitar las cookies es diferente para cada navegador, pero normalmente puede hacerse desde el men\u00fa Herramientas u Opciones. Tambi\u00e9n puede consultarse el men\u00fa de Ayuda del navegador d\u00f3nde puedes encontrar instrucciones. El usuario podr\u00e1 en cualquier momento elegir qu\u00e9 cookies quiere que funcionen en este sitio web.<\/p>\n\n\n\n<p>Puede usted permitir, bloquear o eliminar las cookies instaladas en su equipo mediante la configuraci\u00f3n de las opciones del navegador instalado en su ordenador:<\/p>\n\n\n\n<ul class=\"wp-block-list\"><li>Microsoft Internet Explorer o Microsoft Edge: <a href=\"http:\/\/windows.microsoft.com\/es-es\/windows-vista\/Block-or-allow-cookies\">http:\/\/windows.microsoft.com\/es-es\/windows-vista\/Block-or-allow-cookies<\/a><\/li><li>Mozilla Firefox: <a href=\"http:\/\/support.mozilla.org\/es\/kb\/impedir-que-los-sitios-web-guarden-sus-preferencia\">http:\/\/support.mozilla.org\/es\/kb\/impedir-que-los-sitios-web-guarden-sus-preferencia<\/a><\/li><li>Chrome: <a href=\"https:\/\/support.google.com\/accounts\/answer\/61416?hl=es\">https:\/\/support.google.com\/accounts\/answer\/61416?hl=es<\/a><\/li><li>Safari: <a href=\"http:\/\/safari.helpmax.net\/es\/privacidad-y-seguridad\/como-gestionar-las-cookies\/\">http:\/\/safari.helpmax.net\/es\/privacidad-y-seguridad\/como-gestionar-las-cookies\/<\/a><\/li><li>Opera: <a href=\"http:\/\/help.opera.com\/Linux\/10.60\/es-ES\/cookies.html\">http:\/\/help.opera.com\/Linux\/10.60\/es-ES\/cookies.html<\/a><\/li><\/ul>\n\n\n\n<p>Adem\u00e1s, tambi\u00e9n puede gestionar el almac\u00e9n de cookies en su navegador a trav\u00e9s de herramientas como las siguientes<\/p>\n\n\n\n<ul class=\"wp-block-list\"><li>Ghostery: <a href=\"http:\/\/www.ghostery.com\/\">www.ghostery.com\/<\/a><\/li><li>Your online choices: <a href=\"http:\/\/www.youronlinechoices.com\/es\/\">www.youronlinechoices.com\/es\/<\/a><\/li><\/ul>\n","protected":false},"excerpt":{"rendered":"<p>REFORMAS OMAS informa acerca del uso de las cookies en su p\u00e1gina web: www.reformasomas.es 1.- \u00bfQu\u00e9 son las cookies? Las cookies son archivos que se pueden descargar en su equipo a trav\u00e9s de las p\u00e1ginas web. Son herramientas que tienen un papel esencial para la prestaci\u00f3n de numerosos servicios de la sociedad de la informaci\u00f3n. [&hellip;]<\/p>\n","protected":false},"author":1,"featured_media":0,"parent":0,"menu_order":0,"comment_status":"closed","ping_status":"closed","template":"","meta":{"ocean_post_layout":"","ocean_both_sidebars_style":"","ocean_both_sidebars_content_width":0,"ocean_both_sidebars_sidebars_width":0,"ocean_sidebar":"0","ocean_second_sidebar":"0","ocean_disable_margins":"enable","ocean_add_body_class":"","ocean_shortcode_before_top_bar":"","ocean_shortcode_after_top_bar":"","ocean_shortcode_before_header":"","ocean_shortcode_after_header":"","ocean_has_shortcode":"","ocean_shortcode_after_title":"","ocean_shortcode_before_footer_widgets":"","ocean_shortcode_after_footer_widgets":"","ocean_shortcode_before_footer_bottom":"","ocean_shortcode_after_footer_bottom":"","ocean_display_top_bar":"default","ocean_display_header":"default","ocean_header_style":"","ocean_center_header_left_menu":"0","ocean_custom_header_template":"0","ocean_custom_logo":0,"ocean_custom_retina_logo":0,"ocean_custom_logo_max_width":0,"ocean_custom_logo_tablet_max_width":0,"ocean_custom_logo_mobile_max_width":0,"ocean_custom_logo_max_height":0,"ocean_custom_logo_tablet_max_height":0,"ocean_custom_logo_mobile_max_height":0,"ocean_header_custom_menu":"0","ocean_menu_typo_font_family":"0","ocean_menu_typo_font_subset":"","ocean_menu_typo_font_size":0,"ocean_menu_typo_font_size_tablet":0,"ocean_menu_typo_font_size_mobile":0,"ocean_menu_typo_font_size_unit":"px","ocean_menu_typo_font_weight":"","ocean_menu_typo_font_weight_tablet":"","ocean_menu_typo_font_weight_mobile":"","ocean_menu_typo_transform":"","ocean_menu_typo_transform_tablet":"","ocean_menu_typo_transform_mobile":"","ocean_menu_typo_line_height":0,"ocean_menu_typo_line_height_tablet":0,"ocean_menu_typo_line_height_mobile":0,"ocean_menu_typo_line_height_unit":"","ocean_menu_typo_spacing":0,"ocean_menu_typo_spacing_tablet":0,"ocean_menu_typo_spacing_mobile":0,"ocean_menu_typo_spacing_unit":"","ocean_menu_link_color":"","ocean_menu_link_color_hover":"","ocean_menu_link_color_active":"","ocean_menu_link_background":"","ocean_menu_link_hover_background":"","ocean_menu_link_active_background":"","ocean_menu_social_links_bg":"","ocean_menu_social_hover_links_bg":"","ocean_menu_social_links_color":"","ocean_menu_social_hover_links_color":"","ocean_disable_title":"default","ocean_disable_heading":"default","ocean_post_title":"","ocean_post_subheading":"","ocean_post_title_style":"","ocean_post_title_background_color":"","ocean_post_title_background":0,"ocean_post_title_bg_image_position":"","ocean_post_title_bg_image_attachment":"","ocean_post_title_bg_image_repeat":"","ocean_post_title_bg_image_size":"","ocean_post_title_height":0,"ocean_post_title_bg_overlay":0.5,"ocean_post_title_bg_overlay_color":"","ocean_disable_breadcrumbs":"default","ocean_breadcrumbs_color":"","ocean_breadcrumbs_separator_color":"","ocean_breadcrumbs_links_color":"","ocean_breadcrumbs_links_hover_color":"","ocean_display_footer_widgets":"default","ocean_display_footer_bottom":"default","ocean_custom_footer_template":"0","footnotes":""},"class_list":["post-504","page","type-page","status-publish","hentry","entry"],"yoast_head":"<!-- This site is optimized with the Yoast SEO plugin v26.8 - https:\/\/yoast.com\/product\/yoast-seo-wordpress\/ -->\n<title>Cookies - Reformas Omas<\/title>\n<meta name=\"robots\" content=\"index, follow, max-snippet:-1, max-image-preview:large, max-video-preview:-1\" \/>\n<link rel=\"canonical\" href=\"https:\/\/omas-es-293668.hostingersite.com\/?page_id=504\" \/>\n<meta property=\"og:locale\" content=\"es_ES\" \/>\n<meta property=\"og:type\" content=\"article\" \/>\n<meta property=\"og:title\" content=\"Cookies - Reformas Omas\" \/>\n<meta property=\"og:description\" content=\"REFORMAS OMAS informa acerca del uso de las cookies en su p\u00e1gina web: www.reformasomas.es 1.- \u00bfQu\u00e9 son las cookies? Las cookies son archivos que se pueden descargar en su equipo a trav\u00e9s de las p\u00e1ginas web. Son herramientas que tienen un papel esencial para la prestaci\u00f3n de numerosos servicios de la sociedad de la informaci\u00f3n. [&hellip;]\" \/>\n<meta property=\"og:url\" content=\"https:\/\/omas-es-293668.hostingersite.com\/?page_id=504\" \/>\n<meta property=\"og:site_name\" content=\"Reformas Omas\" \/>\n<meta property=\"article:modified_time\" content=\"2020-05-26T08:49:52+00:00\" \/>\n<meta name=\"twitter:card\" content=\"summary_large_image\" \/>\n<meta name=\"twitter:label1\" content=\"Tiempo de lectura\" \/>\n\t<meta name=\"twitter:data1\" content=\"9 minutos\" \/>\n<script type=\"application\/ld+json\" class=\"yoast-schema-graph\">{\"@context\":\"https:\/\/schema.org\",\"@graph\":[{\"@type\":\"WebPage\",\"@id\":\"https:\/\/omas-es-293668.hostingersite.com\/?page_id=504\",\"url\":\"https:\/\/omas-es-293668.hostingersite.com\/?page_id=504\",\"name\":\"Cookies - Reformas Omas\",\"isPartOf\":{\"@id\":\"https:\/\/omas-es-293668.hostingersite.com\/#website\"},\"datePublished\":\"2020-05-12T18:42:20+00:00\",\"dateModified\":\"2020-05-26T08:49:52+00:00\",\"breadcrumb\":{\"@id\":\"https:\/\/omas-es-293668.hostingersite.com\/?page_id=504#breadcrumb\"},\"inLanguage\":\"es\",\"potentialAction\":[{\"@type\":\"ReadAction\",\"target\":[\"https:\/\/omas-es-293668.hostingersite.com\/?page_id=504\"]}]},{\"@type\":\"BreadcrumbList\",\"@id\":\"https:\/\/omas-es-293668.hostingersite.com\/?page_id=504#breadcrumb\",\"itemListElement\":[{\"@type\":\"ListItem\",\"position\":1,\"name\":\"Portada\",\"item\":\"https:\/\/omas-es-293668.hostingersite.com\/\"},{\"@type\":\"ListItem\",\"position\":2,\"name\":\"Cookies\"}]},{\"@type\":\"WebSite\",\"@id\":\"https:\/\/omas-es-293668.hostingersite.com\/#website\",\"url\":\"https:\/\/omas-es-293668.hostingersite.com\/\",\"name\":\"Reformas Omas\",\"description\":\"Reformas y servicios integrales\",\"publisher\":{\"@id\":\"https:\/\/omas-es-293668.hostingersite.com\/#organization\"},\"potentialAction\":[{\"@type\":\"SearchAction\",\"target\":{\"@type\":\"EntryPoint\",\"urlTemplate\":\"https:\/\/omas-es-293668.hostingersite.com\/?s={search_term_string}\"},\"query-input\":{\"@type\":\"PropertyValueSpecification\",\"valueRequired\":true,\"valueName\":\"search_term_string\"}}],\"inLanguage\":\"es\"},{\"@type\":\"Organization\",\"@id\":\"https:\/\/omas-es-293668.hostingersite.com\/#organization\",\"name\":\"Reformas Omas\",\"url\":\"https:\/\/omas-es-293668.hostingersite.com\/\",\"logo\":{\"@type\":\"ImageObject\",\"inLanguage\":\"es\",\"@id\":\"https:\/\/omas-es-293668.hostingersite.com\/#\/schema\/logo\/image\/\",\"url\":\"https:\/\/omas.es\/wp-content\/uploads\/2020\/04\/logo.jpg\",\"contentUrl\":\"https:\/\/omas.es\/wp-content\/uploads\/2020\/04\/logo.jpg\",\"width\":300,\"height\":216,\"caption\":\"Reformas Omas\"},\"image\":{\"@id\":\"https:\/\/omas-es-293668.hostingersite.com\/#\/schema\/logo\/image\/\"}}]}<\/script>\n<!-- \/ Yoast SEO plugin. -->","yoast_head_json":{"title":"Cookies - Reformas Omas","robots":{"index":"index","follow":"follow","max-snippet":"max-snippet:-1","max-image-preview":"max-image-preview:large","max-video-preview":"max-video-preview:-1"},"canonical":"https:\/\/omas-es-293668.hostingersite.com\/?page_id=504","og_locale":"es_ES","og_type":"article","og_title":"Cookies - Reformas Omas","og_description":"REFORMAS OMAS informa acerca del uso de las cookies en su p\u00e1gina web: www.reformasomas.es 1.- \u00bfQu\u00e9 son las cookies? Las cookies son archivos que se pueden descargar en su equipo a trav\u00e9s de las p\u00e1ginas web. Son herramientas que tienen un papel esencial para la prestaci\u00f3n de numerosos servicios de la sociedad de la informaci\u00f3n. [&hellip;]","og_url":"https:\/\/omas-es-293668.hostingersite.com\/?page_id=504","og_site_name":"Reformas Omas","article_modified_time":"2020-05-26T08:49:52+00:00","twitter_card":"summary_large_image","twitter_misc":{"Tiempo de lectura":"9 minutos"},"schema":{"@context":"https:\/\/schema.org","@graph":[{"@type":"WebPage","@id":"https:\/\/omas-es-293668.hostingersite.com\/?page_id=504","url":"https:\/\/omas-es-293668.hostingersite.com\/?page_id=504","name":"Cookies - Reformas Omas","isPartOf":{"@id":"https:\/\/omas-es-293668.hostingersite.com\/#website"},"datePublished":"2020-05-12T18:42:20+00:00","dateModified":"2020-05-26T08:49:52+00:00","breadcrumb":{"@id":"https:\/\/omas-es-293668.hostingersite.com\/?page_id=504#breadcrumb"},"inLanguage":"es","potentialAction":[{"@type":"ReadAction","target":["https:\/\/omas-es-293668.hostingersite.com\/?page_id=504"]}]},{"@type":"BreadcrumbList","@id":"https:\/\/omas-es-293668.hostingersite.com\/?page_id=504#breadcrumb","itemListElement":[{"@type":"ListItem","position":1,"name":"Portada","item":"https:\/\/omas-es-293668.hostingersite.com\/"},{"@type":"ListItem","position":2,"name":"Cookies"}]},{"@type":"WebSite","@id":"https:\/\/omas-es-293668.hostingersite.com\/#website","url":"https:\/\/omas-es-293668.hostingersite.com\/","name":"Reformas Omas","description":"Reformas y servicios integrales","publisher":{"@id":"https:\/\/omas-es-293668.hostingersite.com\/#organization"},"potentialAction":[{"@type":"SearchAction","target":{"@type":"EntryPoint","urlTemplate":"https:\/\/omas-es-293668.hostingersite.com\/?s={search_term_string}"},"query-input":{"@type":"PropertyValueSpecification","valueRequired":true,"valueName":"search_term_string"}}],"inLanguage":"es"},{"@type":"Organization","@id":"https:\/\/omas-es-293668.hostingersite.com\/#organization","name":"Reformas Omas","url":"https:\/\/omas-es-293668.hostingersite.com\/","logo":{"@type":"ImageObject","inLanguage":"es","@id":"https:\/\/omas-es-293668.hostingersite.com\/#\/schema\/logo\/image\/","url":"https:\/\/omas.es\/wp-content\/uploads\/2020\/04\/logo.jpg","contentUrl":"https:\/\/omas.es\/wp-content\/uploads\/2020\/04\/logo.jpg","width":300,"height":216,"caption":"Reformas Omas"},"image":{"@id":"https:\/\/omas-es-293668.hostingersite.com\/#\/schema\/logo\/image\/"}}]}},"_links":{"self":[{"href":"https:\/\/omas.es\/index.php?rest_route=\/wp\/v2\/pages\/504","targetHints":{"allow":["GET"]}}],"collection":[{"href":"https:\/\/omas.es\/index.php?rest_route=\/wp\/v2\/pages"}],"about":[{"href":"https:\/\/omas.es\/index.php?rest_route=\/wp\/v2\/types\/page"}],"author":[{"embeddable":true,"href":"https:\/\/omas.es\/index.php?rest_route=\/wp\/v2\/users\/1"}],"replies":[{"embeddable":true,"href":"https:\/\/omas.es\/index.php?rest_route=%2Fwp%2Fv2%2Fcomments&post=504"}],"version-history":[{"count":2,"href":"https:\/\/omas.es\/index.php?rest_route=\/wp\/v2\/pages\/504\/revisions"}],"predecessor-version":[{"id":578,"href":"https:\/\/omas.es\/index.php?rest_route=\/wp\/v2\/pages\/504\/revisions\/578"}],"wp:attachment":[{"href":"https:\/\/omas.es\/index.php?rest_route=%2Fwp%2Fv2%2Fmedia&parent=504"}],"curies":[{"name":"wp","href":"https:\/\/api.w.org\/{rel}","templated":true}]}}