{"id":506,"date":"2020-05-12T18:51:55","date_gmt":"2020-05-12T18:51:55","guid":{"rendered":"https:\/\/omas.es\/?page_id=506"},"modified":"2020-05-20T10:12:23","modified_gmt":"2020-05-20T10:12:23","slug":"aviso-legal","status":"publish","type":"page","link":"https:\/\/omas.es\/?page_id=506","title":{"rendered":"Aviso legal"},"content":{"rendered":"\n<p>Aviso Legal<\/p>\n\n\n\n<p><strong>CONDICIONES DE USO&nbsp;<\/strong><\/p>\n\n\n\n<p>En cumplimiento de la Ley 34\/2002, de 11 de julio, de Servicios de la Sociedad de la Informaci\u00f3n y de Comercio Electr\u00f3nico (LSSI-CE), MARCO GARC\u00cdA MESA \u00a0informa que es titular del sitio web https:\/\/omas.es De acuerdo con la exigencia del art\u00edculo 10 de la citada Ley, MARCO GARC\u00cdA MESA informa de los siguientes datos:\u00a0<\/p>\n\n\n\n<p>El titular de este sitio web es MARCO GARC\u00cdA MESA , con CIF 78486763E <\/p>\n\n\n\n<p><strong>&nbsp;Usuario y r\u00e9gimen de responsabilidades&nbsp;<\/strong><\/p>\n\n\n\n<p>La navegaci\u00f3n, acceso y uso por el sitio web de MARCO GARC\u00cdA MESA \u00a0\u00a0confiere la condici\u00f3n de usuario, por la que se aceptan, desde la navegaci\u00f3n por el sitio web de MARCO GARC\u00cdA MESA , todas las condiciones de uso aqu\u00ed establecidas sin perjuicio de la aplicaci\u00f3n de la correspondiente normativa de obligado cumplimiento legal seg\u00fan el caso.\u00a0<\/p>\n\n\n\n<p>El sitio web de MARCO GARC\u00cdA MESA<strong> <\/strong>\u00a0proporciona gran diversidad de informaci\u00f3n, servicios y datos. El usuario asume su responsabilidad en el uso correcto del sitio web. Esta responsabilidad se extender\u00e1 a:\u00a0<\/p>\n\n\n\n<p>\u00a7\u00a0La veracidad y licitud de las informaciones aportadas por el usuario en los formularios extendidos por MARCO GARC\u00cdA MESA<strong> <\/strong>\u00a0para el acceso a ciertos contenidos o servicios ofrecidos por el web.\u00a0<\/p>\n\n\n\n<p>\u00a7\u00a0El uso de la informaci\u00f3n, servicios y datos ofrecidos por MARCO GARC\u00cdA MESA<strong> <\/strong>\u00a0contrariamente a lo dispuesto por las presentes condiciones, la Ley, la moral, las buenas costumbres o el orden p\u00fablico, o que de cualquier otro modo puedan suponer lesi\u00f3n de los derechos de terceros o del mismo funcionamiento del sitio web.\u00a0<\/p>\n\n\n\n<p><strong>Pol\u00edtica de enlaces y exenciones de responsabilidad&nbsp;<\/strong><\/p>\n\n\n\n<p>MARCO GARC\u00cdA MESA \u00a0no se hace responsable del contenido de los sitios web a los que el usuario pueda acceder a trav\u00e9s de los enlaces establecidos en su sitio web y declara que en ning\u00fan caso proceder\u00e1 a examinar o ejercitar ning\u00fan tipo de control sobre el contenido de otros sitios de la red. Asimismo, tampoco garantizar\u00e1 la disponibilidad t\u00e9cnica, exactitud, veracidad, validez o legalidad de sitios ajenos a su propiedad a los que se pueda acceder por medio de los enlaces.\u00a0<\/p>\n\n\n\n<p>MARCO GARC\u00cdA MESA \u00a0declara haber adoptado todas las medidas necesarias para evitar cualquier da\u00f1o a los usuarios de su sitio web, que pudieran derivarse de la navegaci\u00f3n por su sitio web. En consecuencia, MARCO GARC\u00cdA MESA \u00a0no se hace responsable, en ning\u00fan caso, de los eventuales da\u00f1os que por la navegaci\u00f3n por Internet pudiera sufrir el usuario.\u00a0<\/p>\n\n\n\n<p><strong>Modificaciones&nbsp;<\/strong><\/p>\n\n\n\n<p>MARCO GARC\u00cdA MESA \u00a0se reserva el derecho a realizar las modificaciones que considere oportunas, sin aviso previo, en el contenido de su sitio web. Tanto en lo referente a los contenidos del sitio web, como en las condiciones de uso del mismo, o en las condiciones generales de contrataci\u00f3n. Dichas modificaciones podr\u00e1n realizarse a trav\u00e9s de su sitio web por cualquier forma admisible en derecho y ser\u00e1n de obligado cumplimiento durante el tiempo en que se encuentren publicadas en\u00a0la\u00a0web y hasta que no sean modificadas v\u00e1lidamente por otras posteriores.\u00a0<\/p>\n\n\n\n<p><strong>Protecci\u00f3n de datos&nbsp;<\/strong><\/p>\n\n\n\n<p>De conformidad con lo establecido en la normativa vigente en Protecci\u00f3n de Datos de Car\u00e1cter Personal, le informamos que sus datos ser\u00e1n incorporados al sistema de tratamiento titularidad de MARCO GARC\u00cdA MESA \u00a0con CIF 78486763E, con la finalidad de poder facilitar, agilizar y cumplir los compromisos establecidos entre ambas partes. En cumplimiento con la normativa vigente, MARCO GARC\u00cdA MESA \u00a0informa que los datos ser\u00e1n conservados durante el plazo estrictamente necesario para cumplir con los preceptos mencionados con anterioridad.\u00a0<\/p>\n\n\n\n<p>Mientras no nos comunique lo contrario, entenderemos que sus datos no han sido modificados, que usted se compromete a notificarnos cualquier variaci\u00f3n y que tenemos su consentimiento para utilizarlos para las finalidades mencionadas.&nbsp;<\/p>\n\n\n\n<p>MARCO GARC\u00cdA MESA \u00a0informa que proceder\u00e1 a tratar los datos de manera l\u00edcita, leal, transparente, adecuada, pertinente, limitada, exacta y actualizada. Es por ello que MARCO GARC\u00cdA MESA \u00a0se compromete a adoptar todas las medidas razonables para que estos se supriman o rectifiquen sin dilaci\u00f3n cuando sean inexactos.\u00a0<\/p>\n\n\n\n<p>De acuerdo con los derechos que le confiere en la normativa vigente en protecci\u00f3n de datos podr\u00e1 ejercer los derechos de acceso, rectificaci\u00f3n, limitaci\u00f3n de tratamiento, supresi\u00f3n, portabilidad y oposici\u00f3n al tratamiento de sus datos de car\u00e1cter personal as\u00ed como del consentimiento prestado para el tratamiento de los mismos, dirigiendo su petici\u00f3n  al correo electr\u00f3nico <a href=\"mailto:reformasomas@hotmail.com\">reformasomas@hotmail.com<\/a><\/p>\n\n\n\n<p>Podr\u00e1 dirigirse a la Autoridad de Control competente para presentar la reclamaci\u00f3n que considere oportuna.&nbsp;<\/p>\n\n\n\n<p><strong>Propiedad intelectual e industrial&nbsp;<\/strong><\/p>\n\n\n\n<p>MARCO GARC\u00cdA MESA \u00a0por s\u00ed misma o como cesionaria, es titular de todos los derechos de propiedad intelectual e industrial de su p\u00e1gina web, as\u00ed como de los elementos contenidos en la misma (a t\u00edtulo enunciativo, im\u00e1genes, sonido, audio, v\u00eddeo, software o textos; marcas o logotipos, combinaciones de colores, estructura y dise\u00f1o, selecci\u00f3n de materiales usados, programas de ordenador necesarios para su funcionamiento, acceso y uso, etc.), titularidad de MARCO GARC\u00cdA MESA . Ser\u00e1n, por consiguiente, obras protegidas como propiedad intelectual por el ordenamiento jur\u00eddico espa\u00f1ol, si\u00e9ndoles aplicables tanto la normativa espa\u00f1ola y comunitaria en este campo, como los tratados internacionales relativos a la materia y suscritos por Espa\u00f1a.\u00a0<\/p>\n\n\n\n<p>Todos los derechos reservados. En virtud de lo dispuesto en la Ley de Propiedad Intelectual, quedan expresamente prohibidas la reproducci\u00f3n, la distribuci\u00f3n y la comunicaci\u00f3n p\u00fablica, incluida su modalidad de puesta a disposici\u00f3n, de la totalidad o parte de los contenidos de esta p\u00e1gina web, con fines comerciales, en cualquier soporte y por cualquier medio t\u00e9cnico, sin la autorizaci\u00f3n de MARCO GARC\u00cdA MESA .\u00a0<\/p>\n\n\n\n<p>El usuario se compromete a respetar los derechos de Propiedad Intelectual e Industrial titularidad de MARCO GARC\u00cdA MESA . Podr\u00e1 visualizar los elementos del portal e incluso imprimirlos, copiarlos y almacenarlos en el disco duro de su ordenador o en cualquier otro soporte f\u00edsico siempre y cuando sea, \u00fanica y exclusivamente, para su uso personal y privado. El usuario deber\u00e1 abstenerse de suprimir, alterar, eludir o manipular cualquier dispositivo de protecci\u00f3n o sistema de seguridad que estuviera instalado en las p\u00e1ginas de MARCO GARC\u00cdA MESA .\u00a0<\/p>\n\n\n\n<p><strong>Acciones legales, legislaci\u00f3n aplicable y jurisdicci\u00f3n&nbsp;<\/strong><\/p>\n\n\n\n<p>MARCO GARC\u00cdA MESA \u00a0se reserva, asimismo, la facultad de presentar las acciones civiles o penales que considere oportunas por la utilizaci\u00f3n indebida de su sitio web y contenidos, o por el incumplimiento de las presentes condiciones.\u00a0<\/p>\n\n\n\n<p>La relaci\u00f3n entre el usuario y el prestador se regir\u00e1 por la normativa vigente y de aplicaci\u00f3n en el territorio espa\u00f1ol. De surgir cualquier controversia las partes podr\u00e1n someter sus conflictos a arbitraje o acudir a la jurisdicci\u00f3n ordinaria cumpliendo con las normas sobre jurisdicci\u00f3n y competencia al respecto. MARCO GARC\u00cdA MESA \u00a0tiene su domicilio en LAS PALMAS DE GRAN CANARIA, Espa\u00f1a.\u00a0<\/p>\n","protected":false},"excerpt":{"rendered":"<p>Aviso Legal CONDICIONES DE USO&nbsp; En cumplimiento de la Ley 34\/2002, de 11 de julio, de Servicios de la Sociedad de la Informaci\u00f3n y de Comercio Electr\u00f3nico (LSSI-CE), MARCO GARC\u00cdA MESA \u00a0informa que es titular del sitio web https:\/\/omas.es De acuerdo con la exigencia del art\u00edculo 10 de la citada Ley, MARCO GARC\u00cdA MESA informa [&hellip;]<\/p>\n","protected":false},"author":1,"featured_media":0,"parent":0,"menu_order":0,"comment_status":"closed","ping_status":"closed","template":"","meta":{"ocean_post_layout":"","ocean_both_sidebars_style":"","ocean_both_sidebars_content_width":0,"ocean_both_sidebars_sidebars_width":0,"ocean_sidebar":"0","ocean_second_sidebar":"0","ocean_disable_margins":"enable","ocean_add_body_class":"","ocean_shortcode_before_top_bar":"","ocean_shortcode_after_top_bar":"","ocean_shortcode_before_header":"","ocean_shortcode_after_header":"","ocean_has_shortcode":"","ocean_shortcode_after_title":"","ocean_shortcode_before_footer_widgets":"","ocean_shortcode_after_footer_widgets":"","ocean_shortcode_before_footer_bottom":"","ocean_shortcode_after_footer_bottom":"","ocean_display_top_bar":"default","ocean_display_header":"default","ocean_header_style":"","ocean_center_header_left_menu":"0","ocean_custom_header_template":"0","ocean_custom_logo":0,"ocean_custom_retina_logo":0,"ocean_custom_logo_max_width":0,"ocean_custom_logo_tablet_max_width":0,"ocean_custom_logo_mobile_max_width":0,"ocean_custom_logo_max_height":0,"ocean_custom_logo_tablet_max_height":0,"ocean_custom_logo_mobile_max_height":0,"ocean_header_custom_menu":"0","ocean_menu_typo_font_family":"0","ocean_menu_typo_font_subset":"","ocean_menu_typo_font_size":0,"ocean_menu_typo_font_size_tablet":0,"ocean_menu_typo_font_size_mobile":0,"ocean_menu_typo_font_size_unit":"px","ocean_menu_typo_font_weight":"","ocean_menu_typo_font_weight_tablet":"","ocean_menu_typo_font_weight_mobile":"","ocean_menu_typo_transform":"","ocean_menu_typo_transform_tablet":"","ocean_menu_typo_transform_mobile":"","ocean_menu_typo_line_height":0,"ocean_menu_typo_line_height_tablet":0,"ocean_menu_typo_line_height_mobile":0,"ocean_menu_typo_line_height_unit":"","ocean_menu_typo_spacing":0,"ocean_menu_typo_spacing_tablet":0,"ocean_menu_typo_spacing_mobile":0,"ocean_menu_typo_spacing_unit":"","ocean_menu_link_color":"","ocean_menu_link_color_hover":"","ocean_menu_link_color_active":"","ocean_menu_link_background":"","ocean_menu_link_hover_background":"","ocean_menu_link_active_background":"","ocean_menu_social_links_bg":"","ocean_menu_social_hover_links_bg":"","ocean_menu_social_links_color":"","ocean_menu_social_hover_links_color":"","ocean_disable_title":"default","ocean_disable_heading":"default","ocean_post_title":"","ocean_post_subheading":"","ocean_post_title_style":"","ocean_post_title_background_color":"","ocean_post_title_background":0,"ocean_post_title_bg_image_position":"","ocean_post_title_bg_image_attachment":"","ocean_post_title_bg_image_repeat":"","ocean_post_title_bg_image_size":"","ocean_post_title_height":0,"ocean_post_title_bg_overlay":0.5,"ocean_post_title_bg_overlay_color":"","ocean_disable_breadcrumbs":"default","ocean_breadcrumbs_color":"","ocean_breadcrumbs_separator_color":"","ocean_breadcrumbs_links_color":"","ocean_breadcrumbs_links_hover_color":"","ocean_display_footer_widgets":"default","ocean_display_footer_bottom":"default","ocean_custom_footer_template":"0","footnotes":""},"class_list":["post-506","page","type-page","status-publish","hentry","entry"],"yoast_head":"<!-- This site is optimized with the Yoast SEO plugin v26.8 - https:\/\/yoast.com\/product\/yoast-seo-wordpress\/ -->\n<title>Aviso legal - Reformas Omas<\/title>\n<meta name=\"robots\" content=\"index, follow, max-snippet:-1, max-image-preview:large, max-video-preview:-1\" \/>\n<link rel=\"canonical\" href=\"https:\/\/omas-es-293668.hostingersite.com\/?page_id=506\" \/>\n<meta property=\"og:locale\" content=\"es_ES\" \/>\n<meta property=\"og:type\" content=\"article\" \/>\n<meta property=\"og:title\" content=\"Aviso legal - Reformas Omas\" \/>\n<meta property=\"og:description\" content=\"Aviso Legal CONDICIONES DE USO&nbsp; En cumplimiento de la Ley 34\/2002, de 11 de julio, de Servicios de la Sociedad de la Informaci\u00f3n y de Comercio Electr\u00f3nico (LSSI-CE), MARCO GARC\u00cdA MESA \u00a0informa que es titular del sitio web https:\/\/omas.es De acuerdo con la exigencia del art\u00edculo 10 de la citada Ley, MARCO GARC\u00cdA MESA informa [&hellip;]\" \/>\n<meta property=\"og:url\" content=\"https:\/\/omas-es-293668.hostingersite.com\/?page_id=506\" \/>\n<meta property=\"og:site_name\" content=\"Reformas Omas\" \/>\n<meta property=\"article:modified_time\" content=\"2020-05-20T10:12:23+00:00\" \/>\n<meta name=\"twitter:card\" content=\"summary_large_image\" \/>\n<meta name=\"twitter:label1\" content=\"Tiempo de lectura\" \/>\n\t<meta name=\"twitter:data1\" content=\"6 minutos\" \/>\n<script type=\"application\/ld+json\" class=\"yoast-schema-graph\">{\"@context\":\"https:\/\/schema.org\",\"@graph\":[{\"@type\":\"WebPage\",\"@id\":\"https:\/\/omas-es-293668.hostingersite.com\/?page_id=506\",\"url\":\"https:\/\/omas-es-293668.hostingersite.com\/?page_id=506\",\"name\":\"Aviso legal - Reformas Omas\",\"isPartOf\":{\"@id\":\"https:\/\/omas-es-293668.hostingersite.com\/#website\"},\"datePublished\":\"2020-05-12T18:51:55+00:00\",\"dateModified\":\"2020-05-20T10:12:23+00:00\",\"breadcrumb\":{\"@id\":\"https:\/\/omas-es-293668.hostingersite.com\/?page_id=506#breadcrumb\"},\"inLanguage\":\"es\",\"potentialAction\":[{\"@type\":\"ReadAction\",\"target\":[\"https:\/\/omas-es-293668.hostingersite.com\/?page_id=506\"]}]},{\"@type\":\"BreadcrumbList\",\"@id\":\"https:\/\/omas-es-293668.hostingersite.com\/?page_id=506#breadcrumb\",\"itemListElement\":[{\"@type\":\"ListItem\",\"position\":1,\"name\":\"Portada\",\"item\":\"https:\/\/omas-es-293668.hostingersite.com\/\"},{\"@type\":\"ListItem\",\"position\":2,\"name\":\"Aviso legal\"}]},{\"@type\":\"WebSite\",\"@id\":\"https:\/\/omas-es-293668.hostingersite.com\/#website\",\"url\":\"https:\/\/omas-es-293668.hostingersite.com\/\",\"name\":\"Reformas Omas\",\"description\":\"Reformas y servicios integrales\",\"publisher\":{\"@id\":\"https:\/\/omas-es-293668.hostingersite.com\/#organization\"},\"potentialAction\":[{\"@type\":\"SearchAction\",\"target\":{\"@type\":\"EntryPoint\",\"urlTemplate\":\"https:\/\/omas-es-293668.hostingersite.com\/?s={search_term_string}\"},\"query-input\":{\"@type\":\"PropertyValueSpecification\",\"valueRequired\":true,\"valueName\":\"search_term_string\"}}],\"inLanguage\":\"es\"},{\"@type\":\"Organization\",\"@id\":\"https:\/\/omas-es-293668.hostingersite.com\/#organization\",\"name\":\"Reformas Omas\",\"url\":\"https:\/\/omas-es-293668.hostingersite.com\/\",\"logo\":{\"@type\":\"ImageObject\",\"inLanguage\":\"es\",\"@id\":\"https:\/\/omas-es-293668.hostingersite.com\/#\/schema\/logo\/image\/\",\"url\":\"https:\/\/omas.es\/wp-content\/uploads\/2020\/04\/logo.jpg\",\"contentUrl\":\"https:\/\/omas.es\/wp-content\/uploads\/2020\/04\/logo.jpg\",\"width\":300,\"height\":216,\"caption\":\"Reformas Omas\"},\"image\":{\"@id\":\"https:\/\/omas-es-293668.hostingersite.com\/#\/schema\/logo\/image\/\"}}]}<\/script>\n<!-- \/ Yoast SEO plugin. -->","yoast_head_json":{"title":"Aviso legal - Reformas Omas","robots":{"index":"index","follow":"follow","max-snippet":"max-snippet:-1","max-image-preview":"max-image-preview:large","max-video-preview":"max-video-preview:-1"},"canonical":"https:\/\/omas-es-293668.hostingersite.com\/?page_id=506","og_locale":"es_ES","og_type":"article","og_title":"Aviso legal - Reformas Omas","og_description":"Aviso Legal CONDICIONES DE USO&nbsp; En cumplimiento de la Ley 34\/2002, de 11 de julio, de Servicios de la Sociedad de la Informaci\u00f3n y de Comercio Electr\u00f3nico (LSSI-CE), MARCO GARC\u00cdA MESA \u00a0informa que es titular del sitio web https:\/\/omas.es De acuerdo con la exigencia del art\u00edculo 10 de la citada Ley, MARCO GARC\u00cdA MESA informa [&hellip;]","og_url":"https:\/\/omas-es-293668.hostingersite.com\/?page_id=506","og_site_name":"Reformas Omas","article_modified_time":"2020-05-20T10:12:23+00:00","twitter_card":"summary_large_image","twitter_misc":{"Tiempo de lectura":"6 minutos"},"schema":{"@context":"https:\/\/schema.org","@graph":[{"@type":"WebPage","@id":"https:\/\/omas-es-293668.hostingersite.com\/?page_id=506","url":"https:\/\/omas-es-293668.hostingersite.com\/?page_id=506","name":"Aviso legal - Reformas Omas","isPartOf":{"@id":"https:\/\/omas-es-293668.hostingersite.com\/#website"},"datePublished":"2020-05-12T18:51:55+00:00","dateModified":"2020-05-20T10:12:23+00:00","breadcrumb":{"@id":"https:\/\/omas-es-293668.hostingersite.com\/?page_id=506#breadcrumb"},"inLanguage":"es","potentialAction":[{"@type":"ReadAction","target":["https:\/\/omas-es-293668.hostingersite.com\/?page_id=506"]}]},{"@type":"BreadcrumbList","@id":"https:\/\/omas-es-293668.hostingersite.com\/?page_id=506#breadcrumb","itemListElement":[{"@type":"ListItem","position":1,"name":"Portada","item":"https:\/\/omas-es-293668.hostingersite.com\/"},{"@type":"ListItem","position":2,"name":"Aviso legal"}]},{"@type":"WebSite","@id":"https:\/\/omas-es-293668.hostingersite.com\/#website","url":"https:\/\/omas-es-293668.hostingersite.com\/","name":"Reformas Omas","description":"Reformas y servicios integrales","publisher":{"@id":"https:\/\/omas-es-293668.hostingersite.com\/#organization"},"potentialAction":[{"@type":"SearchAction","target":{"@type":"EntryPoint","urlTemplate":"https:\/\/omas-es-293668.hostingersite.com\/?s={search_term_string}"},"query-input":{"@type":"PropertyValueSpecification","valueRequired":true,"valueName":"search_term_string"}}],"inLanguage":"es"},{"@type":"Organization","@id":"https:\/\/omas-es-293668.hostingersite.com\/#organization","name":"Reformas Omas","url":"https:\/\/omas-es-293668.hostingersite.com\/","logo":{"@type":"ImageObject","inLanguage":"es","@id":"https:\/\/omas-es-293668.hostingersite.com\/#\/schema\/logo\/image\/","url":"https:\/\/omas.es\/wp-content\/uploads\/2020\/04\/logo.jpg","contentUrl":"https:\/\/omas.es\/wp-content\/uploads\/2020\/04\/logo.jpg","width":300,"height":216,"caption":"Reformas Omas"},"image":{"@id":"https:\/\/omas-es-293668.hostingersite.com\/#\/schema\/logo\/image\/"}}]}},"_links":{"self":[{"href":"https:\/\/omas.es\/index.php?rest_route=\/wp\/v2\/pages\/506","targetHints":{"allow":["GET"]}}],"collection":[{"href":"https:\/\/omas.es\/index.php?rest_route=\/wp\/v2\/pages"}],"about":[{"href":"https:\/\/omas.es\/index.php?rest_route=\/wp\/v2\/types\/page"}],"author":[{"embeddable":true,"href":"https:\/\/omas.es\/index.php?rest_route=\/wp\/v2\/users\/1"}],"replies":[{"embeddable":true,"href":"https:\/\/omas.es\/index.php?rest_route=%2Fwp%2Fv2%2Fcomments&post=506"}],"version-history":[{"count":4,"href":"https:\/\/omas.es\/index.php?rest_route=\/wp\/v2\/pages\/506\/revisions"}],"predecessor-version":[{"id":551,"href":"https:\/\/omas.es\/index.php?rest_route=\/wp\/v2\/pages\/506\/revisions\/551"}],"wp:attachment":[{"href":"https:\/\/omas.es\/index.php?rest_route=%2Fwp%2Fv2%2Fmedia&parent=506"}],"curies":[{"name":"wp","href":"https:\/\/api.w.org\/{rel}","templated":true}]}}